{"id":336,"date":"2022-03-31T10:28:50","date_gmt":"2022-03-31T08:28:50","guid":{"rendered":"https:\/\/eso-con.de\/?page_id=336"},"modified":"2022-03-31T10:30:12","modified_gmt":"2022-03-31T08:30:12","slug":"reisesicherheit-und-personenschutz","status":"publish","type":"page","link":"https:\/\/eso-con.de\/?page_id=336","title":{"rendered":"Reisesicherheit und Personenschutz"},"content":{"rendered":"\n<p>Gem\u00e4\u00df unserer Unternehmensphilosophie ist Sicherheit integraler Bestandteil s\u00e4mtlicher Unternehmensprozesse. Dies beinhaltet auch und insbesondere den Schutz von Mitarbeitern und Mitarbeiterinnen ihres Unternehmens. Wir begleiten sie mit Erfahrung, Professionalit\u00e4t und Diskretion auch in delikaten Unternehmensangelegenheiten. Wir bieten Ihnen personellen Schutz bei riskanten, dienstlichen Auslandsreisen, unterst\u00fctzen Sie jedoch auch bei der Bew\u00e4ltigung von Krisensituationen die sich auf die Sicherheit ihres privaten und famili\u00e4ren Umfeldes auswirken.<\/p>\n\n\n\n<p>Unabh\u00e4ngig davon ob es sich um die Kl\u00e4rung administrativer Fragen, um Bewertung zur geltenden Rechtslage, um eine Einsch\u00e4tzung der Lage oder um unabdingbare Kontaktaufnahmen handelt. Wir sind f\u00fcr Sie da und handeln ausschlie\u00dflich in Ihrem Interesse und im Interesse des Unternehmens.<\/p>\n\n\n\n<p>Unsere Dienstleistungen im \u00dcberblick:<\/p>\n\n\n\n<ul><li>Risiko- und Schwachstellenanalyse des unternehmensinternen Travel-Managements<\/li><li>Fahrdienste und Personenschutz<\/li><li>Angeh\u00f6rigenbetreuung<\/li><li>Fortlaufendes Monitoring \u00fcber Lageentwicklungen in Reisegebieten mit Hilfe aktuellster Datenbanken und kompetenten Ansprechpartnern vor Ort<ul><li>Kriminalit\u00e4t<\/li><\/ul><ul><li>Gesundheitswesen<\/li><\/ul><ul><li>Streiks<\/li><\/ul><ul><li>Terrorismusgefahren<\/li><\/ul><\/li><li>Sicherheitstrainings in Gefahrensituationen<\/li><li>L\u00e4nderspezifische Schulungen<\/li><li>Spezialfortbildungen zu Entf\u00fchrungen, Informationsschutz im Ausland<\/li><li>Erweiterte Erste-Hilfe-Schulungen<\/li><\/ul>\n","protected":false},"excerpt":{"rendered":"<p>Gem\u00e4\u00df unserer Unternehmensphilosophie ist Sicherheit integraler Bestandteil s\u00e4mtlicher Unternehmensprozesse. Dies beinhaltet auch und insbesondere den Schutz von Mitarbeitern und Mitarbeiterinnen ihres Unternehmens. Wir begleiten sie mit Erfahrung, Professionalit\u00e4t und Diskretion auch in delikaten Unternehmensangelegenheiten. Wir bieten Ihnen personellen Schutz bei riskanten, dienstlichen Auslandsreisen, unterst\u00fctzen Sie jedoch auch bei der Bew\u00e4ltigung von Krisensituationen die sich auf [&hellip;]<\/p>\n","protected":false},"author":1,"featured_media":0,"parent":0,"menu_order":0,"comment_status":"closed","ping_status":"closed","template":"","meta":[],"_links":{"self":[{"href":"https:\/\/eso-con.de\/index.php?rest_route=\/wp\/v2\/pages\/336"}],"collection":[{"href":"https:\/\/eso-con.de\/index.php?rest_route=\/wp\/v2\/pages"}],"about":[{"href":"https:\/\/eso-con.de\/index.php?rest_route=\/wp\/v2\/types\/page"}],"author":[{"embeddable":true,"href":"https:\/\/eso-con.de\/index.php?rest_route=\/wp\/v2\/users\/1"}],"replies":[{"embeddable":true,"href":"https:\/\/eso-con.de\/index.php?rest_route=%2Fwp%2Fv2%2Fcomments&post=336"}],"version-history":[{"count":2,"href":"https:\/\/eso-con.de\/index.php?rest_route=\/wp\/v2\/pages\/336\/revisions"}],"predecessor-version":[{"id":340,"href":"https:\/\/eso-con.de\/index.php?rest_route=\/wp\/v2\/pages\/336\/revisions\/340"}],"wp:attachment":[{"href":"https:\/\/eso-con.de\/index.php?rest_route=%2Fwp%2Fv2%2Fmedia&parent=336"}],"curies":[{"name":"wp","href":"https:\/\/api.w.org\/{rel}","templated":true}]}}