{"id":127,"date":"2020-11-04T10:06:31","date_gmt":"2020-11-04T10:06:31","guid":{"rendered":"https:\/\/eso-con.de\/?page_id=127"},"modified":"2020-11-05T10:50:58","modified_gmt":"2020-11-05T10:50:58","slug":"security-management","status":"publish","type":"page","link":"https:\/\/eso-con.de\/?page_id=127","title":{"rendered":"Security Management"},"content":{"rendered":"\n<p><strong>Externes <\/strong><span style=\"font-weight: 600;\">Sicherheitsmanagement<\/span><\/p>\n\n\n\n<p>Unsere Aufgabe besteht darin, Ressourcen zu b\u00fcndeln um Risiken f\u00fcr Ihr Unternehmen vorzubeugen. Dies sollte nach M\u00f6glichkeit neutral und objektiv geschehen, mit einem unvoreingenommenen Blick auf bestehende Sicherheitsstrukturen, Prozesse sowie technische, personelle und organisatorische Unternehmensstrukturen.<\/p>\n\n\n\n<p>Wir bieten Ihnen ein externes Security Management. Dazu stellen wir Ihrem Unternehmen oder Ihrer Organisation ein\/e zeitlich flexible\/n, sachlich versierte\/n Security Manager\/in zu Verf\u00fcgung.<\/p>\n","protected":false},"excerpt":{"rendered":"<p>Externes Sicherheitsmanagement Unsere Aufgabe besteht darin, Ressourcen zu b\u00fcndeln um Risiken f\u00fcr Ihr Unternehmen vorzubeugen. Dies sollte nach M\u00f6glichkeit neutral und objektiv geschehen, mit einem unvoreingenommenen Blick auf bestehende Sicherheitsstrukturen, Prozesse sowie technische, personelle und organisatorische Unternehmensstrukturen. Wir bieten Ihnen ein externes Security Management. Dazu stellen wir Ihrem Unternehmen oder Ihrer Organisation ein\/e zeitlich flexible\/n, [&hellip;]<\/p>\n","protected":false},"author":1,"featured_media":0,"parent":0,"menu_order":0,"comment_status":"closed","ping_status":"closed","template":"","meta":[],"_links":{"self":[{"href":"https:\/\/eso-con.de\/index.php?rest_route=\/wp\/v2\/pages\/127"}],"collection":[{"href":"https:\/\/eso-con.de\/index.php?rest_route=\/wp\/v2\/pages"}],"about":[{"href":"https:\/\/eso-con.de\/index.php?rest_route=\/wp\/v2\/types\/page"}],"author":[{"embeddable":true,"href":"https:\/\/eso-con.de\/index.php?rest_route=\/wp\/v2\/users\/1"}],"replies":[{"embeddable":true,"href":"https:\/\/eso-con.de\/index.php?rest_route=%2Fwp%2Fv2%2Fcomments&post=127"}],"version-history":[{"count":4,"href":"https:\/\/eso-con.de\/index.php?rest_route=\/wp\/v2\/pages\/127\/revisions"}],"predecessor-version":[{"id":246,"href":"https:\/\/eso-con.de\/index.php?rest_route=\/wp\/v2\/pages\/127\/revisions\/246"}],"wp:attachment":[{"href":"https:\/\/eso-con.de\/index.php?rest_route=%2Fwp%2Fv2%2Fmedia&parent=127"}],"curies":[{"name":"wp","href":"https:\/\/api.w.org\/{rel}","templated":true}]}}