{"id":126,"date":"2020-11-04T10:06:31","date_gmt":"2020-11-04T10:06:31","guid":{"rendered":"https:\/\/eso-con.de\/?page_id=126"},"modified":"2022-03-31T10:41:30","modified_gmt":"2022-03-31T08:41:30","slug":"notfall-und-krisenmanagement","status":"publish","type":"page","link":"https:\/\/eso-con.de\/?page_id=126","title":{"rendered":"Notfall- und Krisenmanagement"},"content":{"rendered":"\n<p><strong>Krisenmanagement<\/strong><\/p>\n\n\n\n<p>Eine wichtige Pr\u00e4ventionsma\u00dfnahme ist der Aufbau eines zuverl\u00e4ssigen Krisen- und Notfallmanagement. Besonders in der heutigen Zeit sollten erfolgreiche Unternehmen au\u00dfergew\u00f6hnliche Ereignisse und deren Risiken  nicht vernachl\u00e4ssigen. Besondere Schadensereignisse , Versorgungsausf\u00e4lle oder kriminelle Angriffe k\u00f6nnen Sie jederzeit und unerwartet treffen. Bei einem Ernstfall sollten Sie daher ausreichend vorbereitet sein. <\/p>\n\n\n\n<p>Wir helfen Ihnen bei der Planung und Organisation pr\u00e4ventiver Ma\u00dfnahmen, egal ob es sich um Sabotageakte, Unf\u00e4lle oder Naturkatastrophen handelt.<\/p>\n\n\n\n<p><strong>Krisenkommunikation<\/strong><\/p>\n\n\n\n<p>In einer Krisensituation ist eine ausgezeichnete Kommunikation ein Element von zentraler Bedeutung. Mitarbeitende m\u00fcssen in einer schwierigen Situation informiert und gef\u00fchrt werden, um die innerbetriebliche Kontinuit\u00e4t sicherzustellen. Zugleich bedarf es der kompetenten Betreuung \u00fcberregionaler und ggf. internationale Medien, um nachhaltige Reputationssch\u00e4den zu verhindern.<\/p>\n\n\n\n<p>Unternehmenseigene F\u00fchrungskr\u00e4fte oder Medienverantwortliche k\u00f6nnen von solchen pl\u00f6tzlich auftretenden chaotischen Situationen \u00fcberfordert sein, insbesondere wenn sie emotional betroffen sind.<\/p>\n\n\n\n<p>Ob Begleitung des Vorstandes, Einrichtung eines Krisenstabes, Moderation von Krisensitzungen, Abhalten von Pressekonferenzen, Social Media Monitoring, Screening Ihres Internetauftritts oder auch Verhandlungen mit Entf\u00fchrern und Erpressern: Wir unterst\u00fctzen Sie in solchen Lagen mit erfahrenen, interdisziplin\u00e4ren Krisenmanagern und Medienexperten, die im Umgang mit entsprechende Situationen hervorragend geschult sind und langj\u00e4hrige Praxiserfahrungen vorweisen k\u00f6nnen.<\/p>\n\n\n\n<p>\u00dcberdies bieten wir allen unternehmensinternen Entscheidungstr\u00e4gern Trainings und Workshops um ihre Kompetenzen im Bereich des Krisenmanagements zu erweitern. Hierzu erarbeiten wir gemeinsam im Rahmen verschiedener, denkbarer Praxisszenarien konkrete Handlungsleitf\u00e4den.<\/p>\n","protected":false},"excerpt":{"rendered":"<p>Krisenmanagement Eine wichtige Pr\u00e4ventionsma\u00dfnahme ist der Aufbau eines zuverl\u00e4ssigen Krisen- und Notfallmanagement. Besonders in der heutigen Zeit sollten erfolgreiche Unternehmen au\u00dfergew\u00f6hnliche Ereignisse und deren Risiken nicht vernachl\u00e4ssigen. Besondere Schadensereignisse , Versorgungsausf\u00e4lle oder kriminelle Angriffe k\u00f6nnen Sie jederzeit und unerwartet treffen. Bei einem Ernstfall sollten Sie daher ausreichend vorbereitet sein. Wir helfen Ihnen bei der Planung [&hellip;]<\/p>\n","protected":false},"author":1,"featured_media":0,"parent":0,"menu_order":0,"comment_status":"closed","ping_status":"closed","template":"","meta":[],"_links":{"self":[{"href":"https:\/\/eso-con.de\/index.php?rest_route=\/wp\/v2\/pages\/126"}],"collection":[{"href":"https:\/\/eso-con.de\/index.php?rest_route=\/wp\/v2\/pages"}],"about":[{"href":"https:\/\/eso-con.de\/index.php?rest_route=\/wp\/v2\/types\/page"}],"author":[{"embeddable":true,"href":"https:\/\/eso-con.de\/index.php?rest_route=\/wp\/v2\/users\/1"}],"replies":[{"embeddable":true,"href":"https:\/\/eso-con.de\/index.php?rest_route=%2Fwp%2Fv2%2Fcomments&post=126"}],"version-history":[{"count":5,"href":"https:\/\/eso-con.de\/index.php?rest_route=\/wp\/v2\/pages\/126\/revisions"}],"predecessor-version":[{"id":346,"href":"https:\/\/eso-con.de\/index.php?rest_route=\/wp\/v2\/pages\/126\/revisions\/346"}],"wp:attachment":[{"href":"https:\/\/eso-con.de\/index.php?rest_route=%2Fwp%2Fv2%2Fmedia&parent=126"}],"curies":[{"name":"wp","href":"https:\/\/api.w.org\/{rel}","templated":true}]}}