{"id":125,"date":"2020-11-04T10:06:31","date_gmt":"2020-11-04T10:06:31","guid":{"rendered":"https:\/\/eso-con.de\/?page_id=125"},"modified":"2022-03-31T10:36:18","modified_gmt":"2022-03-31T08:36:18","slug":"it-sicherheit","status":"publish","type":"page","link":"https:\/\/eso-con.de\/?page_id=125","title":{"rendered":"IT-Sicherheit und Patentschutz"},"content":{"rendered":"\n<p><strong>Schutz ihrer digitalen Unternehmenswerte<\/strong><\/p>\n\n\n\n<p>Der Schutz Ihres geistigen Eigentums und Ihrer Unternehmenswert ist zentraler Bestandteil modern gedachter Unternehmenssicherheit. Wir sind Ihnen behilflich bei der Erkennung und Beseitigung von unternehmensinternen Schwachstellen. Dazu geh\u00f6rt, neben einem Sicherheitscheck f\u00fcr ihre Mitarbeiter und Mitarbeiterinnen, auch die Sensibilisierung f\u00fcr Gefahren durch Wirtschafts- und Industriespionage mittels Security Awareness Trainings sowie die Implementierung von Schwachstellenmanagementprogrammen zum Schutz von Netzwerkger\u00e4ten.<\/p>\n\n\n\n<p><em>Sicherheit beginnt im Kleinen!<\/em><\/p>\n\n\n\n<p>Um Haftungsrisiken und finanzielle Sch\u00e4den von Ihnen abzuwenden, schaffen wir bei den Mitarbeitern und Mitarbeiterinnen das erforderliche Risikobewusstsein und schulen diese unter anderem im korrekten Umgang mit mobilen Datentr\u00e4gern oder Social Media. Eine Investition die sich auszahlt, denn Folge- und ggf. Reputationssch\u00e4den sind um ein Vielfaches h\u00f6her. Sie sehen: Pr\u00e4ventive Sicherheitsma\u00dfnahmen sind der Schl\u00fcssel zum Erfolg.<\/p>\n","protected":false},"excerpt":{"rendered":"<p>Schutz ihrer digitalen Unternehmenswerte Der Schutz Ihres geistigen Eigentums und Ihrer Unternehmenswert ist zentraler Bestandteil modern gedachter Unternehmenssicherheit. Wir sind Ihnen behilflich bei der Erkennung und Beseitigung von unternehmensinternen Schwachstellen. Dazu geh\u00f6rt, neben einem Sicherheitscheck f\u00fcr ihre Mitarbeiter und Mitarbeiterinnen, auch die Sensibilisierung f\u00fcr Gefahren durch Wirtschafts- und Industriespionage mittels Security Awareness Trainings sowie die [&hellip;]<\/p>\n","protected":false},"author":1,"featured_media":0,"parent":0,"menu_order":0,"comment_status":"closed","ping_status":"closed","template":"","meta":[],"_links":{"self":[{"href":"https:\/\/eso-con.de\/index.php?rest_route=\/wp\/v2\/pages\/125"}],"collection":[{"href":"https:\/\/eso-con.de\/index.php?rest_route=\/wp\/v2\/pages"}],"about":[{"href":"https:\/\/eso-con.de\/index.php?rest_route=\/wp\/v2\/types\/page"}],"author":[{"embeddable":true,"href":"https:\/\/eso-con.de\/index.php?rest_route=\/wp\/v2\/users\/1"}],"replies":[{"embeddable":true,"href":"https:\/\/eso-con.de\/index.php?rest_route=%2Fwp%2Fv2%2Fcomments&post=125"}],"version-history":[{"count":10,"href":"https:\/\/eso-con.de\/index.php?rest_route=\/wp\/v2\/pages\/125\/revisions"}],"predecessor-version":[{"id":343,"href":"https:\/\/eso-con.de\/index.php?rest_route=\/wp\/v2\/pages\/125\/revisions\/343"}],"wp:attachment":[{"href":"https:\/\/eso-con.de\/index.php?rest_route=%2Fwp%2Fv2%2Fmedia&parent=125"}],"curies":[{"name":"wp","href":"https:\/\/api.w.org\/{rel}","templated":true}]}}