{"id":112,"date":"2020-11-04T08:34:23","date_gmt":"2020-11-04T08:34:23","guid":{"rendered":"https:\/\/eso-con.de\/?page_id=112"},"modified":"2020-11-05T11:03:46","modified_gmt":"2020-11-05T11:03:46","slug":"impressum","status":"publish","type":"page","link":"https:\/\/eso-con.de\/?page_id=112","title":{"rendered":"IMPRESSUM"},"content":{"rendered":"\n<p class=\"has-large-font-size\">Eso Consulting<\/p>\n\n\n\n<div class=\"wp-block-group\"><div class=\"wp-block-group__inner-container\"><div id=\"wpgmza_map\" data-settings='{\"id\":\"1\",\"map_title\":\"Impressum\",\"map_width\":\"100\",\"map_height\":\"400\",\"map_start_lat\":\"52.405180\",\"map_start_lng\":\"13.069633\",\"map_start_location\":\"52.4051798,13.0696333\",\"map_start_zoom\":\"13\",\"default_marker\":\"0\",\"type\":\"1\",\"alignment\":\"4\",\"directions_enabled\":\"1\",\"styling_enabled\":\"0\",\"styling_json\":\"\",\"active\":\"0\",\"kml\":\"\",\"bicycle\":\"2\",\"traffic\":\"2\",\"dbox\":\"1\",\"dbox_width\":\"100\",\"listmarkers\":\"0\",\"listmarkers_advanced\":\"0\",\"filterbycat\":\"0\",\"ugm_enabled\":\"0\",\"ugm_category_enabled\":\"0\",\"fusion\":\"\",\"map_width_type\":\"\\\\%\",\"map_height_type\":\"px\",\"mass_marker_support\":\"1\",\"ugm_access\":\"0\",\"order_markers_by\":\"1\",\"order_markers_choice\":\"2\",\"show_user_location\":\"0\",\"default_to\":\"\",\"other_settings\":{\"store_locator_enabled\":2,\"store_locator_distance\":2,\"store_locator_default_radius\":10,\"store_locator_not_found_message\":\"No results found in this location. Please try again.\",\"store_locator_bounce\":1,\"store_locator_query_string\":\"ZIP \\\/ Address:\",\"store_locator_default_address\":\"\",\"wpgmza_store_locator_restrict\":\"\",\"wpgmza_store_locator_radius_style\":\"modern\",\"map_max_zoom\":\"1\",\"transport_layer\":2,\"wpgmza_show_points_of_interest\":0,\"wpgmza_auto_night\":0}}' data-shortcode-attributes='{\"id\":\"1\"}' style=\"display:block; overflow:auto; width:100%; height:400px; \"><\/div>\n\n\n\n<p>Behlertstra\u00dfe 3a, 14467 Potsdam<\/p>\n\n\n\n<p><\/p>\n<\/div><\/div>\n\n\n\n<p><\/p>\n\n\n\n<p>Email: kontakt@eso-con.de<\/p>\n\n\n\n<p>Gesch\u00e4ftsf\u00fchrer: Erik Sommer<\/p>\n\n\n\n<p><\/p>\n\n\n\n<p><strong>Haftungsausschluss<\/strong><\/p>\n\n\n\n<p>Die Inhalte unserer Webseiten werden mit gr\u00f6\u00dfter Sorgfalt erstellt. F\u00fcr Richtigkeit, Vollst\u00e4ndigkeit und Aktualit\u00e4t der Inhalte wird jedoch keine Gew\u00e4hr \u00fcbernommen. Die Eso Consulting GbR beh\u00e4lt sich insbesondere das Recht vor, ohne vorherige Ank\u00fcndigung, \u00c4nderungen oder Erg\u00e4nzungen der bereitgestellten Informationen vorzunehmen. Auch die vor\u00fcbergehende oder endg\u00fcltige Beendigung der Ver\u00f6ffentlichung ist ohne Ank\u00fcndigung m\u00f6glich. Die Eso Consulting GbR haftet nicht f\u00fcr etwaige Sch\u00e4den materieller oder ideeller Art, die durch Nutzung bereitgestellter Informationen auf Ihren Webseiten verursacht werden, soweit sie nicht nachweislich durch Vorsatz oder durch grobe Fahrl\u00e4ssigkeit verschuldet sind.<\/p>\n\n\n\n<p><strong>Urheberrechtshinweis<\/strong><\/p>\n\n\n\n<p>Layout, Bilder, Grafiken und Texte dieser Seite sind gesetzlich gesch\u00fctzt. Dies gilt insbesondere f\u00fcr Formen geistiger Eigentumsrechte. Es ist nicht gestattet, einzelne Inhalte dieser Seite ganz oder in Teilen und\/oder ganze Seiten zu vervielf\u00e4ltigen oder zu verbreiten. Verst\u00f6\u00dfe werden sowohl zivil- als auch strafrechtlich verfolgt.<\/p>\n","protected":false},"excerpt":{"rendered":"<p>Eso Consulting Email: kontakt@eso-con.de Gesch\u00e4ftsf\u00fchrer: Erik Sommer Haftungsausschluss Die Inhalte unserer Webseiten werden mit gr\u00f6\u00dfter Sorgfalt erstellt. F\u00fcr Richtigkeit, Vollst\u00e4ndigkeit und Aktualit\u00e4t der Inhalte wird jedoch keine Gew\u00e4hr \u00fcbernommen. Die Eso Consulting GbR beh\u00e4lt sich insbesondere das Recht vor, ohne vorherige Ank\u00fcndigung, \u00c4nderungen oder Erg\u00e4nzungen der bereitgestellten Informationen vorzunehmen. Auch die vor\u00fcbergehende oder endg\u00fcltige Beendigung [&hellip;]<\/p>\n","protected":false},"author":1,"featured_media":0,"parent":0,"menu_order":0,"comment_status":"closed","ping_status":"closed","template":"","meta":[],"_links":{"self":[{"href":"https:\/\/eso-con.de\/index.php?rest_route=\/wp\/v2\/pages\/112"}],"collection":[{"href":"https:\/\/eso-con.de\/index.php?rest_route=\/wp\/v2\/pages"}],"about":[{"href":"https:\/\/eso-con.de\/index.php?rest_route=\/wp\/v2\/types\/page"}],"author":[{"embeddable":true,"href":"https:\/\/eso-con.de\/index.php?rest_route=\/wp\/v2\/users\/1"}],"replies":[{"embeddable":true,"href":"https:\/\/eso-con.de\/index.php?rest_route=%2Fwp%2Fv2%2Fcomments&post=112"}],"version-history":[{"count":9,"href":"https:\/\/eso-con.de\/index.php?rest_route=\/wp\/v2\/pages\/112\/revisions"}],"predecessor-version":[{"id":247,"href":"https:\/\/eso-con.de\/index.php?rest_route=\/wp\/v2\/pages\/112\/revisions\/247"}],"wp:attachment":[{"href":"https:\/\/eso-con.de\/index.php?rest_route=%2Fwp%2Fv2%2Fmedia&parent=112"}],"curies":[{"name":"wp","href":"https:\/\/api.w.org\/{rel}","templated":true}]}}